{"id":27,"date":"2026-01-02T23:54:06","date_gmt":"2026-01-02T22:54:06","guid":{"rendered":"https:\/\/x-core.fr\/about\/"},"modified":"2026-01-22T11:57:44","modified_gmt":"2026-01-22T10:57:44","slug":"a-propos","status":"publish","type":"page","link":"https:\/\/x-core.fr\/en\/a-propos\/","title":{"rendered":"About us"},"content":{"rendered":"<div data-elementor-type=\"wp-page\" data-elementor-id=\"27\" class=\"elementor elementor-27\">\n\t\t\t\t<div class=\"elementor-element elementor-element-ca11ac8 e-flex e-con-boxed e-con e-parent\" data-id=\"ca11ac8\" data-element_type=\"container\">\n\t\t\t\t\t<div class=\"e-con-inner\">\n\t\t\t\t<div class=\"elementor-element elementor-element-9ade6ae elementor-widget elementor-widget-text-editor\" data-id=\"9ade6ae\" data-element_type=\"widget\" data-widget_type=\"text-editor.default\">\n\t\t\t\t\t\t\t\t\t<p>Who we are<\/p>\t\t\t\t\t\t\t\t<\/div>\n\t\t\t\t<div class=\"elementor-element elementor-element-5e17dae elementor-widget elementor-widget-heading\" data-id=\"5e17dae\" data-element_type=\"widget\" data-widget_type=\"heading.default\">\n\t\t\t\t\t<h1 class=\"elementor-heading-title elementor-size-default\">Your partner <\/h1>\t\t\t\t<\/div>\n\t\t\t\t\t<\/div>\n\t\t\t\t<\/div>\n\t\t<div class=\"elementor-element elementor-element-f3cbf78 e-flex e-con-boxed e-con e-parent\" data-id=\"f3cbf78\" data-element_type=\"container\" data-settings=\"{&quot;background_background&quot;:&quot;classic&quot;}\">\n\t\t\t\t\t<div class=\"e-con-inner\">\n\t\t\t\t<div class=\"elementor-element elementor-element-5b1d6ac elementor-widget elementor-widget-hfe-infocard\" data-id=\"5b1d6ac\" data-element_type=\"widget\" data-widget_type=\"hfe-infocard.default\">\n\t\t\t\t<div class=\"elementor-widget-container\">\n\t\t\t\t\t\n\t\t<div class=\"hfe-infocard\">\n\t\t\t\t\t\t\t\t\t<div class=\"hfe-infocard-title-wrap\">\n\t\t\t\t<h6 class=\"hfe-infocard-title elementor-inline-editing\" data-elementor-setting-key=\"infocard_title\" data-elementor-inline-editing-toolbar=\"basic\" >Faced with the growing complexity of computing infrastructures, XCORE simplifies access to high-performance servers for ambitious companies.<\/h6>\t\t\t<\/div>\n\t\t\t\t\t\t<div class=\"hfe-infocard-text-wrap\">\n\t\t\t\t<div class=\"hfe-infocard-text elementor-inline-editing\" data-elementor-setting-key=\"infocard_description\" data-elementor-inline-editing-toolbar=\"advanced\">\n\t\t\t\t\t\t\t\t\t<\/div>\n\t\t\t\t\t\t\t<\/div>\n\t\t<\/div>\n\n\t\t\t\t\t\t<\/div>\n\t\t\t\t<\/div>\n\t\t\t\t\t<\/div>\n\t\t\t\t<\/div>\n\t\t<div class=\"elementor-element elementor-element-8c53c50 e-flex e-con-boxed e-con e-parent\" data-id=\"8c53c50\" data-element_type=\"container\">\n\t\t\t\t\t<div class=\"e-con-inner\">\n\t\t<div class=\"elementor-element elementor-element-a991b01 e-con-full e-flex e-con e-child\" data-id=\"a991b01\" data-element_type=\"container\">\n\t\t\t\t<div class=\"elementor-element elementor-element-b44c904 elementor-widget elementor-widget-text-editor\" data-id=\"b44c904\" data-element_type=\"widget\" data-widget_type=\"text-editor.default\">\n\t\t\t\t\t\t\t\t\t<h2>Simplifying access to computing infrastructures<\/h2><p>Faced with the growing complexity of IT infrastructures, many companies find it difficult to access high-performance servers and computing solutions. X CORE simplifies this process by providing a single point of access to the best technologies and infrastructure, so that your company can focus on innovation and growth.<\/p>\t\t\t\t\t\t\t\t<\/div>\n\t\t\t\t<div class=\"elementor-element elementor-element-f6a2baa elementor-widget elementor-widget-image\" data-id=\"f6a2baa\" data-element_type=\"widget\" data-widget_type=\"image.default\">\n\t\t\t\t\t\t\t\t\t\t\t\t\t\t\t<img fetchpriority=\"high\" decoding=\"async\" width=\"604\" height=\"604\" src=\"https:\/\/x-core.fr\/wp-content\/uploads\/2026\/01\/Image-SAV.png\" class=\"attachment-large size-large wp-image-428\" alt=\"XCORE SAV\" srcset=\"https:\/\/x-core.fr\/wp-content\/uploads\/2026\/01\/Image-SAV.png 604w, https:\/\/x-core.fr\/wp-content\/uploads\/2026\/01\/Image-SAV-300x300.png 300w, https:\/\/x-core.fr\/wp-content\/uploads\/2026\/01\/Image-SAV-150x150.png 150w\" sizes=\"(max-width: 604px) 100vw, 604px\" title=\"About us\">\t\t\t\t\t\t\t\t\t\t\t\t\t\t\t<\/div>\n\t\t\t\t<\/div>\n\t\t<div class=\"elementor-element elementor-element-0ce2ac5 e-con-full e-flex e-con e-child\" data-id=\"0ce2ac5\" data-element_type=\"container\">\n\t\t\t\t<div class=\"elementor-element elementor-element-27f0e1e elementor-widget elementor-widget-text-editor\" data-id=\"27f0e1e\" data-element_type=\"widget\" data-widget_type=\"text-editor.default\">\n\t\t\t\t\t\t\t\t\t<h2>Who we are<\/h2>\t\t\t\t\t\t\t\t<\/div>\n\t\t\t\t<div class=\"elementor-element elementor-element-2c0c5a6 elementor-widget elementor-widget-text-editor\" data-id=\"2c0c5a6\" data-element_type=\"widget\" data-widget_type=\"text-editor.default\">\n\t\t\t\t\t\t\t\t\t<p>X CORE is a French technology consulting company. We supply high-end hardware: servers, HPU solutions and data center infrastructures. We support large corporations and SMEs in their high-performance computing needs, while guaranteeing direct, reliable access to the best technologies.<\/p>\t\t\t\t\t\t\t\t<\/div>\n\t\t\t\t<div class=\"elementor-element elementor-element-527d89e elementor-widget elementor-widget-text-editor\" data-id=\"527d89e\" data-element_type=\"widget\" data-widget_type=\"text-editor.default\">\n\t\t\t\t\t\t\t\t\t<p>We have been recognized for our expertise and impact in the industry, receiving several professional awards for our contribution to technological innovation.<\/p>\t\t\t\t\t\t\t\t<\/div>\n\t\t\t\t<div class=\"elementor-element elementor-element-abbe64e elementor-widget elementor-widget-image\" data-id=\"abbe64e\" data-element_type=\"widget\" data-widget_type=\"image.default\">\n\t\t\t\t\t\t\t\t\t\t\t\t\t\t\t<img decoding=\"async\" width=\"1024\" height=\"682\" src=\"https:\/\/x-core.fr\/wp-content\/uploads\/2026\/01\/pexels-photo-34552802-1-1024x682.jpeg\" class=\"attachment-large size-large wp-image-338\" alt=\"pexels photo 34552802.jpeg\" srcset=\"https:\/\/x-core.fr\/wp-content\/uploads\/2026\/01\/pexels-photo-34552802-1-1024x682.jpeg 1024w, https:\/\/x-core.fr\/wp-content\/uploads\/2026\/01\/pexels-photo-34552802-1-300x200.jpeg 300w, https:\/\/x-core.fr\/wp-content\/uploads\/2026\/01\/pexels-photo-34552802-1-768x512.jpeg 768w, https:\/\/x-core.fr\/wp-content\/uploads\/2026\/01\/pexels-photo-34552802-1.jpeg 1280w\" sizes=\"(max-width: 1024px) 100vw, 1024px\" title=\"About us\">\t\t\t\t\t\t\t\t\t\t\t\t\t\t\t<\/div>\n\t\t\t\t<\/div>\n\t\t\t\t\t<\/div>\n\t\t\t\t<\/div>\n\t\t<div class=\"elementor-element elementor-element-6049c13 e-flex e-con-boxed e-con e-parent\" data-id=\"6049c13\" data-element_type=\"container\">\n\t\t\t\t\t<div class=\"e-con-inner\">\n\t\t\t\t<div class=\"elementor-element elementor-element-3db4ea0 elementor-widget elementor-widget-heading\" data-id=\"3db4ea0\" data-element_type=\"widget\" data-widget_type=\"heading.default\">\n\t\t\t\t\t<h2 class=\"elementor-heading-title elementor-size-default\">Why choose X CORE?<\/h2>\t\t\t\t<\/div>\n\t\t\t\t\t<\/div>\n\t\t\t\t<\/div>\n\t\t<div class=\"elementor-element elementor-element-a58c6b4 e-flex e-con-boxed e-con e-parent\" data-id=\"a58c6b4\" data-element_type=\"container\">\n\t\t\t\t\t<div class=\"e-con-inner\">\n\t\t<div class=\"elementor-element elementor-element-8647459 e-con-full e-flex e-con e-child\" data-id=\"8647459\" data-element_type=\"container\">\n\t\t\t\t<div class=\"elementor-element elementor-element-98f74cd elementor-view-default elementor-position-block-start elementor-mobile-position-block-start elementor-widget elementor-widget-icon-box\" data-id=\"98f74cd\" data-element_type=\"widget\" data-widget_type=\"icon-box.default\">\n\t\t\t\t\t\t\t<div class=\"elementor-icon-box-wrapper\">\n\n\t\t\t\t\t\t<div class=\"elementor-icon-box-icon\">\n\t\t\t\t<span  class=\"elementor-icon\">\n\t\t\t\t<svg aria-hidden=\"true\" class=\"e-font-icon-svg e-fas-people-arrows\" viewbox=\"0 0 576 512\" xmlns=\"http:\/\/www.w3.org\/2000\/svg\"><path d=\"M96,128A64,64,0,1,0,32,64,64,64,0,0,0,96,128Zm0,176.08a44.11,44.11,0,0,1,13.64-32L181.77,204c1.65-1.55,3.77-2.31,5.61-3.57A63.91,63.91,0,0,0,128,160H64A64,64,0,0,0,0,224v96a32,32,0,0,0,32,32V480a32,32,0,0,0,32,32h64a32,32,0,0,0,32-32V383.61l-50.36-47.53A44.08,44.08,0,0,1,96,304.08ZM480,128a64,64,0,1,0-64-64A64,64,0,0,0,480,128Zm32,32H448a63.91,63.91,0,0,0-59.38,40.42c1.84,1.27,4,2,5.62,3.59l72.12,68.06a44.37,44.37,0,0,1,0,64L416,383.62V480a32,32,0,0,0,32,32h64a32,32,0,0,0,32-32V352a32,32,0,0,0,32-32V224A64,64,0,0,0,512,160ZM444.4,295.34l-72.12-68.06A12,12,0,0,0,352,236v36H224V236a12,12,0,0,0-20.28-8.73L131.6,295.34a12.4,12.4,0,0,0,0,17.47l72.12,68.07A12,12,0,0,0,224,372.14V336H352v36.14a12,12,0,0,0,20.28,8.74l72.12-68.07A12.4,12.4,0,0,0,444.4,295.34Z\"><\/path><\/svg>\t\t\t\t<\/span>\n\t\t\t<\/div>\n\t\t\t\n\t\t\t\t\t\t<div class=\"elementor-icon-box-content\">\n\n\t\t\t\t\t\t\t\t\t<h5 class=\"elementor-icon-box-title\">\n\t\t\t\t\t\t<span  >\n\t\t\t\t\t\t\tPersonalized support for every company, SME or ETI\t\t\t\t\t\t<\/span>\n\t\t\t\t\t<\/h5>\n\t\t\t\t\n\t\t\t\t\n\t\t\t<\/div>\n\t\t\t\n\t\t<\/div>\n\t\t\t\t\t\t<\/div>\n\t\t\t\t<\/div>\n\t\t<div class=\"elementor-element elementor-element-fea1edb e-con-full e-flex e-con e-child\" data-id=\"fea1edb\" data-element_type=\"container\">\n\t\t\t\t<div class=\"elementor-element elementor-element-30a4e90 elementor-view-default elementor-position-block-start elementor-mobile-position-block-start elementor-widget elementor-widget-icon-box\" data-id=\"30a4e90\" data-element_type=\"widget\" data-widget_type=\"icon-box.default\">\n\t\t\t\t\t\t\t<div class=\"elementor-icon-box-wrapper\">\n\n\t\t\t\t\t\t<div class=\"elementor-icon-box-icon\">\n\t\t\t\t<span  class=\"elementor-icon\">\n\t\t\t\t<svg aria-hidden=\"true\" class=\"e-font-icon-svg e-fas-calculator\" viewbox=\"0 0 448 512\" xmlns=\"http:\/\/www.w3.org\/2000\/svg\"><path d=\"M400 0H48C22.4 0 0 22.4 0 48v416c0 25.6 22.4 48 48 48h352c25.6 0 48-22.4 48-48V48c0-25.6-22.4-48-48-48zM128 435.2c0 6.4-6.4 12.8-12.8 12.8H76.8c-6.4 0-12.8-6.4-12.8-12.8v-38.4c0-6.4 6.4-12.8 12.8-12.8h38.4c6.4 0 12.8 6.4 12.8 12.8v38.4zm0-128c0 6.4-6.4 12.8-12.8 12.8H76.8c-6.4 0-12.8-6.4-12.8-12.8v-38.4c0-6.4 6.4-12.8 12.8-12.8h38.4c6.4 0 12.8 6.4 12.8 12.8v38.4zm128 128c0 6.4-6.4 12.8-12.8 12.8h-38.4c-6.4 0-12.8-6.4-12.8-12.8v-38.4c0-6.4 6.4-12.8 12.8-12.8h38.4c6.4 0 12.8 6.4 12.8 12.8v38.4zm0-128c0 6.4-6.4 12.8-12.8 12.8h-38.4c-6.4 0-12.8-6.4-12.8-12.8v-38.4c0-6.4 6.4-12.8 12.8-12.8h38.4c6.4 0 12.8 6.4 12.8 12.8v38.4zm128 128c0 6.4-6.4 12.8-12.8 12.8h-38.4c-6.4 0-12.8-6.4-12.8-12.8V268.8c0-6.4 6.4-12.8 12.8-12.8h38.4c6.4 0 12.8 6.4 12.8 12.8v166.4zm0-256c0 6.4-6.4 12.8-12.8 12.8H76.8c-6.4 0-12.8-6.4-12.8-12.8V76.8C64 70.4 70.4 64 76.8 64h294.4c6.4 0 12.8 6.4 12.8 12.8v102.4z\"><\/path><\/svg>\t\t\t\t<\/span>\n\t\t\t<\/div>\n\t\t\t\n\t\t\t\t\t\t<div class=\"elementor-icon-box-content\">\n\n\t\t\t\t\t\t\t\t\t<h5 class=\"elementor-icon-box-title\">\n\t\t\t\t\t\t<span  >\n\t\t\t\t\t\t\tRecognized technical expertise in server solutions and high-performance computing\t\t\t\t\t\t<\/span>\n\t\t\t\t\t<\/h5>\n\t\t\t\t\n\t\t\t\t\n\t\t\t<\/div>\n\t\t\t\n\t\t<\/div>\n\t\t\t\t\t\t<\/div>\n\t\t\t\t<\/div>\n\t\t<div class=\"elementor-element elementor-element-383d0e8 e-con-full e-flex e-con e-child\" data-id=\"383d0e8\" data-element_type=\"container\">\n\t\t\t\t<div class=\"elementor-element elementor-element-88fa3f0 elementor-view-default elementor-position-block-start elementor-mobile-position-block-start elementor-widget elementor-widget-icon-box\" data-id=\"88fa3f0\" data-element_type=\"widget\" data-widget_type=\"icon-box.default\">\n\t\t\t\t\t\t\t<div class=\"elementor-icon-box-wrapper\">\n\n\t\t\t\t\t\t<div class=\"elementor-icon-box-icon\">\n\t\t\t\t<span  class=\"elementor-icon\">\n\t\t\t\t<svg aria-hidden=\"true\" class=\"e-font-icon-svg e-fas-star\" viewbox=\"0 0 576 512\" xmlns=\"http:\/\/www.w3.org\/2000\/svg\"><path d=\"M259.3 17.8L194 150.2 47.9 171.5c-26.2 3.8-36.7 36.1-17.7 54.6l105.7 103-25 145.5c-4.5 26.3 23.2 46 46.4 33.7L288 439.6l130.7 68.7c23.2 12.2 50.9-7.4 46.4-33.7l-25-145.5 105.7-103c19-18.5 8.5-50.8-17.7-54.6L382 150.2 316.7 17.8c-11.7-23.6-45.6-23.9-57.4 0z\"><\/path><\/svg>\t\t\t\t<\/span>\n\t\t\t<\/div>\n\t\t\t\n\t\t\t\t\t\t<div class=\"elementor-icon-box-content\">\n\n\t\t\t\t\t\t\t\t\t<h5 class=\"elementor-icon-box-title\">\n\t\t\t\t\t\t<span  >\n\t\t\t\t\t\t\tStrategic partnerships\t\t\t\t\t\t<\/span>\n\t\t\t\t\t<\/h5>\n\t\t\t\t\n\t\t\t\t\n\t\t\t<\/div>\n\t\t\t\n\t\t<\/div>\n\t\t\t\t\t\t<\/div>\n\t\t\t\t<\/div>\n\t\t\t\t\t<\/div>\n\t\t\t\t<\/div>\n\t\t<div class=\"elementor-element elementor-element-ac45956 e-flex e-con-boxed e-con e-parent\" data-id=\"ac45956\" data-element_type=\"container\">\n\t\t\t\t\t<div class=\"e-con-inner\">\n\t\t\t\t<div class=\"elementor-element elementor-element-02ef52c elementor-widget elementor-widget-text-editor\" data-id=\"02ef52c\" data-element_type=\"widget\" data-widget_type=\"text-editor.default\">\n\t\t\t\t\t\t\t\t\t<p>Thanks to this approach, we enable our customers to benefit from high-performance infrastructures tailored to their needs, quickly and efficiently.<\/p>\t\t\t\t\t\t\t\t<\/div>\n\t\t\t\t\t<\/div>\n\t\t\t\t<\/div>\n\t\t<div class=\"elementor-element elementor-element-5bdc905 e-flex e-con-boxed e-con e-parent\" data-id=\"5bdc905\" data-element_type=\"container\" data-settings=\"{&quot;background_background&quot;:&quot;classic&quot;}\">\n\t\t\t\t\t<div class=\"e-con-inner\">\n\t\t\t\t<div class=\"elementor-element elementor-element-499dca9 elementor-widget elementor-widget-text-editor\" data-id=\"499dca9\" data-element_type=\"widget\" data-widget_type=\"text-editor.default\">\n\t\t\t\t\t\t\t\t\t<p>Staying Connected<\/p>\t\t\t\t\t\t\t\t<\/div>\n\t\t\t\t<div class=\"elementor-element elementor-element-bb3cad5 elementor-widget elementor-widget-hfe-infocard\" data-id=\"bb3cad5\" data-element_type=\"widget\" data-widget_type=\"hfe-infocard.default\">\n\t\t\t\t<div class=\"elementor-widget-container\">\n\t\t\t\t\t\n\t\t<div class=\"hfe-infocard\">\n\t\t\t\t\t\t\t\t\t<div class=\"hfe-infocard-title-wrap\">\n\t\t\t\t<h2 class=\"hfe-infocard-title elementor-inline-editing\" data-elementor-setting-key=\"infocard_title\" data-elementor-inline-editing-toolbar=\"basic\" >Find out how XCORE can meet your needs<\/h2>\t\t\t<\/div>\n\t\t\t\t\t\t<div class=\"hfe-infocard-text-wrap\">\n\t\t\t\t<div class=\"hfe-infocard-text elementor-inline-editing\" data-elementor-setting-key=\"infocard_description\" data-elementor-inline-editing-toolbar=\"advanced\">\n\t\t\t\t\t\t\t\t\t<\/div>\n\t\t\t\t\t\t\t<div class=\"hfe-button-wrapper elementor-widget-button\">\n\t\t\t\t<a href=\"\/en\/nos-services\/\" class=\"elementor-button-link elementor-button elementor-size-sm\">\n\t\t\t\t\t<span class=\"elementor-button-text elementor-inline-editing\"  data-elementor-setting-key=\"infocard_button_text\" data-elementor-inline-editing-toolbar=\"none\">Our services<\/span>\n\t\t\t\t<\/a>\n\t\t\t<\/div>\n\t\t\t\t\t\t<\/div>\n\t\t<\/div>\n\n\t\t\t\t\t\t<\/div>\n\t\t\t\t<\/div>\n\t\t\t\t\t<\/div>\n\t\t\t\t<\/div>\n\t\t<div class=\"elementor-element elementor-element-a69bf8f e-flex e-con-boxed e-con e-parent\" data-id=\"a69bf8f\" data-element_type=\"container\">\n\t\t\t\t\t<div class=\"e-con-inner\">\n\t\t\t\t\t<\/div>\n\t\t\t\t<\/div>\n\t\t\t\t<\/div>","protected":false},"excerpt":{"rendered":"<p>Qui sommes-nous ? Votre partenaire Face \u00e0 la complexit\u00e9 croissante des infrastructures de calcul, XCORE simplifie l\u2019acc\u00e8s aux serveurs haute [&hellip;]<\/p>","protected":false},"author":1,"featured_media":0,"parent":0,"menu_order":0,"comment_status":"closed","ping_status":"closed","template":"","meta":{"_uag_custom_page_level_css":"","site-sidebar-layout":"no-sidebar","site-content-layout":"","ast-site-content-layout":"full-width-container","site-content-style":"default","site-sidebar-style":"default","ast-global-header-display":"","ast-banner-title-visibility":"","ast-main-header-display":"","ast-hfb-above-header-display":"","ast-hfb-below-header-display":"","ast-hfb-mobile-header-display":"","site-post-title":"disabled","ast-breadcrumbs-content":"","ast-featured-img":"disabled","footer-sml-layout":"","ast-disable-related-posts":"","theme-transparent-header-meta":"enabled","adv-header-id-meta":"","stick-header-meta":"","header-above-stick-meta":"","header-main-stick-meta":"","header-below-stick-meta":"","astra-migrate-meta-layouts":"default","ast-page-background-enabled":"default","ast-page-background-meta":{"desktop":{"background-color":"var(--ast-global-color-5)","background-image":"","background-repeat":"repeat","background-position":"center center","background-size":"auto","background-attachment":"scroll","background-type":"","background-media":"","overlay-type":"","overlay-color":"","overlay-opacity":"","overlay-gradient":""},"tablet":{"background-color":"","background-image":"","background-repeat":"repeat","background-position":"center center","background-size":"auto","background-attachment":"scroll","background-type":"","background-media":"","overlay-type":"","overlay-color":"","overlay-opacity":"","overlay-gradient":""},"mobile":{"background-color":"","background-image":"","background-repeat":"repeat","background-position":"center center","background-size":"auto","background-attachment":"scroll","background-type":"","background-media":"","overlay-type":"","overlay-color":"","overlay-opacity":"","overlay-gradient":""}},"ast-content-background-meta":{"desktop":{"background-color":"var(--ast-global-color-4)","background-image":"","background-repeat":"repeat","background-position":"center center","background-size":"auto","background-attachment":"scroll","background-type":"","background-media":"","overlay-type":"","overlay-color":"","overlay-opacity":"","overlay-gradient":""},"tablet":{"background-color":"var(--ast-global-color-4)","background-image":"","background-repeat":"repeat","background-position":"center center","background-size":"auto","background-attachment":"scroll","background-type":"","background-media":"","overlay-type":"","overlay-color":"","overlay-opacity":"","overlay-gradient":""},"mobile":{"background-color":"var(--ast-global-color-4)","background-image":"","background-repeat":"repeat","background-position":"center center","background-size":"auto","background-attachment":"scroll","background-type":"","background-media":"","overlay-type":"","overlay-color":"","overlay-opacity":"","overlay-gradient":""}},"footnotes":""},"class_list":["post-27","page","type-page","status-publish","hentry"],"yoast_head":"<!-- This site is optimized with the Yoast SEO plugin v26.6 - https:\/\/yoast.com\/wordpress\/plugins\/seo\/ -->\n<title>\u00c0 propos - X CORE \u2013 Entreprise tech serveurs &amp; calcul haute performance<\/title>\n<meta name=\"description\" content=\"X CORE est une entreprise tech fran\u00e7aise sp\u00e9cialis\u00e9e en serveurs, calcul haute performance et infrastructures IT pour entreprises.\" \/>\n<meta name=\"robots\" content=\"index, follow, max-snippet:-1, max-image-preview:large, max-video-preview:-1\" \/>\n<link rel=\"canonical\" href=\"https:\/\/x-core.fr\/en\/a-propos\/\" \/>\n<meta property=\"og:locale\" content=\"en_US\" \/>\n<meta property=\"og:type\" content=\"article\" \/>\n<meta property=\"og:title\" content=\"\u00c0 propos - X CORE \u2013 Entreprise tech serveurs &amp; calcul haute performance\" \/>\n<meta property=\"og:description\" content=\"X CORE est une entreprise tech fran\u00e7aise sp\u00e9cialis\u00e9e en serveurs, calcul haute performance et infrastructures IT pour entreprises.\" \/>\n<meta property=\"og:url\" content=\"https:\/\/x-core.fr\/en\/a-propos\/\" \/>\n<meta property=\"og:site_name\" content=\"X CORE\" \/>\n<meta property=\"article:modified_time\" content=\"2026-01-22T10:57:44+00:00\" \/>\n<meta property=\"og:image\" content=\"http:\/\/x-core.fr\/wp-content\/uploads\/2026\/01\/Image-SAV.png\" \/>\n<meta name=\"twitter:card\" content=\"summary_large_image\" \/>\n<meta name=\"twitter:label1\" content=\"Est. reading time\" \/>\n\t<meta name=\"twitter:data1\" content=\"1 minute\" \/>\n<script type=\"application\/ld+json\" class=\"yoast-schema-graph\">{\"@context\":\"https:\/\/schema.org\",\"@graph\":[{\"@type\":\"WebPage\",\"@id\":\"https:\/\/x-core.fr\/a-propos\/\",\"url\":\"https:\/\/x-core.fr\/a-propos\/\",\"name\":\"\u00c0 propos - X CORE \u2013 Entreprise tech serveurs & calcul haute performance\",\"isPartOf\":{\"@id\":\"https:\/\/x-core.fr\/#website\"},\"primaryImageOfPage\":{\"@id\":\"https:\/\/x-core.fr\/a-propos\/#primaryimage\"},\"image\":{\"@id\":\"https:\/\/x-core.fr\/a-propos\/#primaryimage\"},\"thumbnailUrl\":\"http:\/\/x-core.fr\/wp-content\/uploads\/2026\/01\/Image-SAV.png\",\"datePublished\":\"2026-01-02T22:54:06+00:00\",\"dateModified\":\"2026-01-22T10:57:44+00:00\",\"description\":\"X CORE est une entreprise tech fran\u00e7aise sp\u00e9cialis\u00e9e en serveurs, calcul haute performance et infrastructures IT pour entreprises.\",\"breadcrumb\":{\"@id\":\"https:\/\/x-core.fr\/a-propos\/#breadcrumb\"},\"inLanguage\":\"en-US\",\"potentialAction\":[{\"@type\":\"ReadAction\",\"target\":[\"https:\/\/x-core.fr\/a-propos\/\"]}]},{\"@type\":\"ImageObject\",\"inLanguage\":\"en-US\",\"@id\":\"https:\/\/x-core.fr\/a-propos\/#primaryimage\",\"url\":\"http:\/\/x-core.fr\/wp-content\/uploads\/2026\/01\/Image-SAV.png\",\"contentUrl\":\"http:\/\/x-core.fr\/wp-content\/uploads\/2026\/01\/Image-SAV.png\"},{\"@type\":\"BreadcrumbList\",\"@id\":\"https:\/\/x-core.fr\/a-propos\/#breadcrumb\",\"itemListElement\":[{\"@type\":\"ListItem\",\"position\":1,\"name\":\"Home\",\"item\":\"https:\/\/x-core.fr\/\"},{\"@type\":\"ListItem\",\"position\":2,\"name\":\"\u00c0 propos\"}]},{\"@type\":\"WebSite\",\"@id\":\"https:\/\/x-core.fr\/#website\",\"url\":\"https:\/\/x-core.fr\/\",\"name\":\"X CORE\",\"description\":\"Powering Intelligent Infrastructure\",\"publisher\":{\"@id\":\"https:\/\/x-core.fr\/#organization\"},\"potentialAction\":[{\"@type\":\"SearchAction\",\"target\":{\"@type\":\"EntryPoint\",\"urlTemplate\":\"https:\/\/x-core.fr\/?s={search_term_string}\"},\"query-input\":{\"@type\":\"PropertyValueSpecification\",\"valueRequired\":true,\"valueName\":\"search_term_string\"}}],\"inLanguage\":\"en-US\"},{\"@type\":\"Organization\",\"@id\":\"https:\/\/x-core.fr\/#organization\",\"name\":\"X CORE\",\"url\":\"https:\/\/x-core.fr\/\",\"logo\":{\"@type\":\"ImageObject\",\"inLanguage\":\"en-US\",\"@id\":\"https:\/\/x-core.fr\/#\/schema\/logo\/image\/\",\"url\":\"https:\/\/x-core.fr\/wp-content\/uploads\/2026\/01\/XCORE.png\",\"contentUrl\":\"https:\/\/x-core.fr\/wp-content\/uploads\/2026\/01\/XCORE.png\",\"width\":756,\"height\":129,\"caption\":\"X CORE\"},\"image\":{\"@id\":\"https:\/\/x-core.fr\/#\/schema\/logo\/image\/\"}}]}<\/script>\n<!-- \/ Yoast SEO plugin. -->","yoast_head_json":{"title":"\u00c0 propos - X CORE \u2013 Entreprise tech serveurs & calcul haute performance","description":"X CORE est une entreprise tech fran\u00e7aise sp\u00e9cialis\u00e9e en serveurs, calcul haute performance et infrastructures IT pour entreprises.","robots":{"index":"index","follow":"follow","max-snippet":"max-snippet:-1","max-image-preview":"max-image-preview:large","max-video-preview":"max-video-preview:-1"},"canonical":"https:\/\/x-core.fr\/en\/a-propos\/","og_locale":"en_US","og_type":"article","og_title":"\u00c0 propos - X CORE \u2013 Entreprise tech serveurs & calcul haute performance","og_description":"X CORE est une entreprise tech fran\u00e7aise sp\u00e9cialis\u00e9e en serveurs, calcul haute performance et infrastructures IT pour entreprises.","og_url":"https:\/\/x-core.fr\/en\/a-propos\/","og_site_name":"X CORE","article_modified_time":"2026-01-22T10:57:44+00:00","og_image":[{"url":"http:\/\/x-core.fr\/wp-content\/uploads\/2026\/01\/Image-SAV.png","type":"","width":"","height":""}],"twitter_card":"summary_large_image","twitter_misc":{"Est. reading time":"1 minute"},"schema":{"@context":"https:\/\/schema.org","@graph":[{"@type":"WebPage","@id":"https:\/\/x-core.fr\/a-propos\/","url":"https:\/\/x-core.fr\/a-propos\/","name":"\u00c0 propos - X CORE \u2013 Entreprise tech serveurs & calcul haute performance","isPartOf":{"@id":"https:\/\/x-core.fr\/#website"},"primaryImageOfPage":{"@id":"https:\/\/x-core.fr\/a-propos\/#primaryimage"},"image":{"@id":"https:\/\/x-core.fr\/a-propos\/#primaryimage"},"thumbnailUrl":"http:\/\/x-core.fr\/wp-content\/uploads\/2026\/01\/Image-SAV.png","datePublished":"2026-01-02T22:54:06+00:00","dateModified":"2026-01-22T10:57:44+00:00","description":"X CORE est une entreprise tech fran\u00e7aise sp\u00e9cialis\u00e9e en serveurs, calcul haute performance et infrastructures IT pour entreprises.","breadcrumb":{"@id":"https:\/\/x-core.fr\/a-propos\/#breadcrumb"},"inLanguage":"en-US","potentialAction":[{"@type":"ReadAction","target":["https:\/\/x-core.fr\/a-propos\/"]}]},{"@type":"ImageObject","inLanguage":"en-US","@id":"https:\/\/x-core.fr\/a-propos\/#primaryimage","url":"http:\/\/x-core.fr\/wp-content\/uploads\/2026\/01\/Image-SAV.png","contentUrl":"http:\/\/x-core.fr\/wp-content\/uploads\/2026\/01\/Image-SAV.png"},{"@type":"BreadcrumbList","@id":"https:\/\/x-core.fr\/a-propos\/#breadcrumb","itemListElement":[{"@type":"ListItem","position":1,"name":"Home","item":"https:\/\/x-core.fr\/"},{"@type":"ListItem","position":2,"name":"\u00c0 propos"}]},{"@type":"WebSite","@id":"https:\/\/x-core.fr\/#website","url":"https:\/\/x-core.fr\/","name":"X CORE","description":"Powering Intelligent Infrastructure","publisher":{"@id":"https:\/\/x-core.fr\/#organization"},"potentialAction":[{"@type":"SearchAction","target":{"@type":"EntryPoint","urlTemplate":"https:\/\/x-core.fr\/?s={search_term_string}"},"query-input":{"@type":"PropertyValueSpecification","valueRequired":true,"valueName":"search_term_string"}}],"inLanguage":"en-US"},{"@type":"Organization","@id":"https:\/\/x-core.fr\/#organization","name":"X CORE","url":"https:\/\/x-core.fr\/","logo":{"@type":"ImageObject","inLanguage":"en-US","@id":"https:\/\/x-core.fr\/#\/schema\/logo\/image\/","url":"https:\/\/x-core.fr\/wp-content\/uploads\/2026\/01\/XCORE.png","contentUrl":"https:\/\/x-core.fr\/wp-content\/uploads\/2026\/01\/XCORE.png","width":756,"height":129,"caption":"X CORE"},"image":{"@id":"https:\/\/x-core.fr\/#\/schema\/logo\/image\/"}}]}},"uagb_featured_image_src":{"full":false,"thumbnail":false,"medium":false,"medium_large":false,"large":false,"1536x1536":false,"2048x2048":false,"trp-custom-language-flag":false},"uagb_author_info":{"display_name":"admin5651","author_link":"https:\/\/x-core.fr\/en\/author\/admin5651\/"},"uagb_comment_info":0,"uagb_excerpt":"Qui sommes-nous ? Votre partenaire Face \u00e0 la complexit\u00e9 croissante des infrastructures de calcul, XCORE simplifie l\u2019acc\u00e8s aux serveurs haute [&hellip;]","_links":{"self":[{"href":"https:\/\/x-core.fr\/en\/wp-json\/wp\/v2\/pages\/27","targetHints":{"allow":["GET"]}}],"collection":[{"href":"https:\/\/x-core.fr\/en\/wp-json\/wp\/v2\/pages"}],"about":[{"href":"https:\/\/x-core.fr\/en\/wp-json\/wp\/v2\/types\/page"}],"author":[{"embeddable":true,"href":"https:\/\/x-core.fr\/en\/wp-json\/wp\/v2\/users\/1"}],"replies":[{"embeddable":true,"href":"https:\/\/x-core.fr\/en\/wp-json\/wp\/v2\/comments?post=27"}],"version-history":[{"count":45,"href":"https:\/\/x-core.fr\/en\/wp-json\/wp\/v2\/pages\/27\/revisions"}],"predecessor-version":[{"id":560,"href":"https:\/\/x-core.fr\/en\/wp-json\/wp\/v2\/pages\/27\/revisions\/560"}],"wp:attachment":[{"href":"https:\/\/x-core.fr\/en\/wp-json\/wp\/v2\/media?parent=27"}],"curies":[{"name":"wp","href":"https:\/\/api.w.org\/{rel}","templated":true}]}}