{"id":26,"date":"2026-01-02T23:54:06","date_gmt":"2026-01-02T22:54:06","guid":{"rendered":"https:\/\/x-core.fr\/home\/"},"modified":"2026-01-22T11:56:52","modified_gmt":"2026-01-22T10:56:52","slug":"accueil","status":"publish","type":"page","link":"https:\/\/x-core.fr\/en\/","title":{"rendered":"Home"},"content":{"rendered":"<div data-elementor-type=\"wp-page\" data-elementor-id=\"26\" class=\"elementor elementor-26\">\n\t\t\t\t<div class=\"elementor-element elementor-element-81f8da0 e-flex e-con-boxed e-con e-parent\" data-id=\"81f8da0\" data-element_type=\"container\" data-settings=\"{&quot;background_background&quot;:&quot;gradient&quot;}\">\n\t\t\t\t\t<div class=\"e-con-inner\">\n\t\t<div class=\"elementor-element elementor-element-868199a e-con-full e-flex e-con e-child\" data-id=\"868199a\" data-element_type=\"container\">\n\t\t\t\t<div class=\"elementor-element elementor-element-6bf427c elementor-widget elementor-widget-text-editor\" data-id=\"6bf427c\" data-element_type=\"widget\" data-widget_type=\"text-editor.default\">\n\t\t\t\t\t\t\t\t\t<p>Maximum Performance<\/p>\t\t\t\t\t\t\t\t<\/div>\n\t\t\t\t<div class=\"elementor-element elementor-element-626ec2c elementor-widget elementor-widget-hfe-infocard\" data-id=\"626ec2c\" data-element_type=\"widget\" data-widget_type=\"hfe-infocard.default\">\n\t\t\t\t<div class=\"elementor-widget-container\">\n\t\t\t\t\t\n\t\t<div class=\"hfe-infocard\">\n\t\t\t\t\t\t\t\t\t<div class=\"hfe-infocard-title-wrap\">\n\t\t\t\t<h1 class=\"hfe-infocard-title elementor-inline-editing\" data-elementor-setting-key=\"infocard_title\" data-elementor-inline-editing-toolbar=\"basic\" >Your partner for accelerating your projects<\/h1>\t\t\t<\/div>\n\t\t\t\t\t\t<div class=\"hfe-infocard-text-wrap\">\n\t\t\t\t<div class=\"hfe-infocard-text elementor-inline-editing\" data-elementor-setting-key=\"infocard_description\" data-elementor-inline-editing-toolbar=\"advanced\">\n\t\t\t\t\t<p>X CORE provides state-of-the-art server infrastructures and high-performance computing solutions for large corporations and SMEs. We connect your technical needs to the best available technologies.<\/p>\t\t\t\t<\/div>\n\t\t\t\t\t\t\t<div class=\"hfe-button-wrapper elementor-widget-button\">\n\t\t\t\t<a href=\"\/en\/nos-services\/\" class=\"elementor-button-link elementor-button elementor-size-sm\">\n\t\t\t\t\t<span class=\"elementor-button-text elementor-inline-editing\"  data-elementor-setting-key=\"infocard_button_text\" data-elementor-inline-editing-toolbar=\"none\">Discover our solutions<\/span>\n\t\t\t\t<\/a>\n\t\t\t<\/div>\n\t\t\t\t\t\t<\/div>\n\t\t<\/div>\n\n\t\t\t\t\t\t<\/div>\n\t\t\t\t<\/div>\n\t\t\t\t<\/div>\n\t\t<div class=\"elementor-element elementor-element-6dbc101 e-con-full e-flex e-con e-child\" data-id=\"6dbc101\" data-element_type=\"container\">\n\t\t\t\t<div class=\"elementor-element elementor-element-8d768a4 elementor-widget elementor-widget-image\" data-id=\"8d768a4\" data-element_type=\"widget\" data-widget_type=\"image.default\">\n\t\t\t\t\t\t\t\t\t\t\t\t\t\t\t<img fetchpriority=\"high\" decoding=\"async\" width=\"796\" height=\"1024\" src=\"https:\/\/x-core.fr\/wp-content\/uploads\/2026\/01\/Serveur-rack-796x1024.png\" class=\"attachment-large size-large wp-image-505\" alt=\"serveur rack XCORE\" srcset=\"https:\/\/x-core.fr\/wp-content\/uploads\/2026\/01\/Serveur-rack-796x1024.png 796w, https:\/\/x-core.fr\/wp-content\/uploads\/2026\/01\/Serveur-rack-233x300.png 233w, https:\/\/x-core.fr\/wp-content\/uploads\/2026\/01\/Serveur-rack-768x987.png 768w, https:\/\/x-core.fr\/wp-content\/uploads\/2026\/01\/Serveur-rack.png 896w\" sizes=\"(max-width: 796px) 100vw, 796px\" title=\"Home\">\t\t\t\t\t\t\t\t\t\t\t\t\t\t\t<\/div>\n\t\t\t\t<\/div>\n\t\t\t\t\t<\/div>\n\t\t\t\t<\/div>\n\t\t<div class=\"elementor-element elementor-element-4417da5 e-flex e-con-boxed e-con e-parent\" data-id=\"4417da5\" data-element_type=\"container\">\n\t\t\t\t\t<div class=\"e-con-inner\">\n\t\t\t\t<div class=\"elementor-element elementor-element-8ab1abe elementor-widget elementor-widget-text-editor\" data-id=\"8ab1abe\" data-element_type=\"widget\" data-widget_type=\"text-editor.default\">\n\t\t\t\t\t\t\t\t\t<p>About us<\/p>\t\t\t\t\t\t\t\t<\/div>\n\t\t<div class=\"elementor-element elementor-element-37e201f e-con-full e-flex e-con e-child\" data-id=\"37e201f\" data-element_type=\"container\">\n\t\t<div class=\"elementor-element elementor-element-66b5aba e-con-full e-flex e-con e-child\" data-id=\"66b5aba\" data-element_type=\"container\">\n\t\t\t\t<div class=\"elementor-element elementor-element-3283fd0 elementor-widget elementor-widget-heading\" data-id=\"3283fd0\" data-element_type=\"widget\" data-widget_type=\"heading.default\">\n\t\t\t\t\t<h2 class=\"elementor-heading-title elementor-size-default\">X CORE's history and commitment<\/h2>\t\t\t\t<\/div>\n\t\t\t\t<\/div>\n\t\t<div class=\"elementor-element elementor-element-fe3ab1b e-con-full e-flex e-con e-child\" data-id=\"fe3ab1b\" data-element_type=\"container\">\n\t\t\t\t<div class=\"elementor-element elementor-element-4f09a9f elementor-widget elementor-widget-text-editor\" data-id=\"4f09a9f\" data-element_type=\"widget\" data-widget_type=\"text-editor.default\">\n\t\t\t\t\t\t\t\t\t<p>X CORE supports companies in implementing their demanding technological projects. We offer top-of-the-range hardware and solutions tailored to the specific needs of each customer.<\/p>\t\t\t\t\t\t\t\t<\/div>\n\t\t\t\t<div class=\"elementor-element elementor-element-51b9f5b elementor-widget elementor-widget-button\" data-id=\"51b9f5b\" data-element_type=\"widget\" data-widget_type=\"button.default\">\n\t\t\t\t\t\t\t\t\t\t<a class=\"elementor-button elementor-button-link elementor-size-sm\" href=\"\/en\/a-propos\/\">\n\t\t\t\t\t\t<span class=\"elementor-button-content-wrapper\">\n\t\t\t\t\t\t<span class=\"elementor-button-icon\">\n\t\t\t\t<svg aria-hidden=\"true\" class=\"e-font-icon-svg e-fas-arrow-right\" viewbox=\"0 0 448 512\" xmlns=\"http:\/\/www.w3.org\/2000\/svg\"><path d=\"M190.5 66.9l22.2-22.2c9.4-9.4 24.6-9.4 33.9 0L441 239c9.4 9.4 9.4 24.6 0 33.9L246.6 467.3c-9.4 9.4-24.6 9.4-33.9 0l-22.2-22.2c-9.5-9.5-9.3-25 .4-34.3L311.4 296H24c-13.3 0-24-10.7-24-24v-32c0-13.3 10.7-24 24-24h287.4L190.9 101.2c-9.8-9.3-10-24.8-.4-34.3z\"><\/path><\/svg>\t\t\t<\/span>\n\t\t\t\t\t\t\t\t\t<span class=\"elementor-button-text\">About us<\/span>\n\t\t\t\t\t<\/span>\n\t\t\t\t\t<\/a>\n\t\t\t\t\t\t\t\t<\/div>\n\t\t\t\t<\/div>\n\t\t\t\t<\/div>\n\t\t\t\t\t<\/div>\n\t\t\t\t<\/div>\n\t\t<div class=\"elementor-element elementor-element-29a5a5d e-flex e-con-boxed e-con e-parent\" data-id=\"29a5a5d\" data-element_type=\"container\" data-settings=\"{&quot;background_background&quot;:&quot;gradient&quot;}\">\n\t\t\t\t\t<div class=\"e-con-inner\">\n\t\t\t\t<div class=\"elementor-element elementor-element-812b6b1 elementor-widget elementor-widget-image\" data-id=\"812b6b1\" data-element_type=\"widget\" data-widget_type=\"image.default\">\n\t\t\t\t\t\t\t\t\t\t\t\t\t\t\t<img decoding=\"async\" width=\"681\" height=\"1024\" src=\"https:\/\/x-core.fr\/wp-content\/uploads\/2026\/01\/pexels-photo-5408005-1-681x1024.jpeg\" class=\"attachment-large size-large wp-image-339\" alt=\"pexels photo 5408005.jpeg\" srcset=\"https:\/\/x-core.fr\/wp-content\/uploads\/2026\/01\/pexels-photo-5408005-1-681x1024.jpeg 681w, https:\/\/x-core.fr\/wp-content\/uploads\/2026\/01\/pexels-photo-5408005-1-200x300.jpeg 200w, https:\/\/x-core.fr\/wp-content\/uploads\/2026\/01\/pexels-photo-5408005-1.jpeg 700w\" sizes=\"(max-width: 681px) 100vw, 681px\" title=\"Home\">\t\t\t\t\t\t\t\t\t\t\t\t\t\t\t<\/div>\n\t\t<div class=\"elementor-element elementor-element-a69a7e5 e-con-full e-flex e-con e-child\" data-id=\"a69a7e5\" data-element_type=\"container\">\n\t\t\t\t<div class=\"elementor-element elementor-element-6e57213 elementor-widget__width-initial elementor-widget elementor-widget-heading\" data-id=\"6e57213\" data-element_type=\"widget\" data-widget_type=\"heading.default\">\n\t\t\t\t\t<h2 class=\"elementor-heading-title elementor-size-default\">A passion for technological innovation<\/h2>\t\t\t\t<\/div>\n\t\t\t\t<div class=\"elementor-element elementor-element-0ada1f8 elementor-widget__width-initial elementor-widget elementor-widget-hfe-infocard\" data-id=\"0ada1f8\" data-element_type=\"widget\" data-widget_type=\"hfe-infocard.default\">\n\t\t\t\t<div class=\"elementor-widget-container\">\n\t\t\t\t\t\n\t\t<div class=\"hfe-infocard\">\n\t\t\t\t\t\t\t\t\t<div class=\"hfe-infocard-text-wrap\">\n\t\t\t\t<div class=\"hfe-infocard-text elementor-inline-editing\" data-elementor-setting-key=\"infocard_description\" data-elementor-inline-editing-toolbar=\"advanced\">\n\t\t\t\t\t<p>Based in France, we interact with our customers in French and English, guaranteeing smooth, efficient communication around our technical solutions. We put our technical expertise at the service of companies' specific needs.&nbsp;<\/p>\n<p><span style=\"background-color: transparent;font-size: 1rem;letter-spacing: 0px\"><i>\"Passionate about technology, we transform computational complexity into performance and innovation.\"<\/i><\/span><\/p>\t\t\t\t<\/div>\n\t\t\t\t\t\t\t<\/div>\n\t\t<\/div>\n\n\t\t\t\t\t\t<\/div>\n\t\t\t\t<\/div>\n\t\t\t\t<\/div>\n\t\t\t\t\t<\/div>\n\t\t\t\t<\/div>\n\t\t<div class=\"elementor-element elementor-element-fbbb3fe e-flex e-con-boxed e-con e-parent\" data-id=\"fbbb3fe\" data-element_type=\"container\">\n\t\t\t\t\t<div class=\"e-con-inner\">\n\t\t\t\t<div class=\"elementor-element elementor-element-7fddb1a elementor-widget elementor-widget-text-editor\" data-id=\"7fddb1a\" data-element_type=\"widget\" data-widget_type=\"text-editor.default\">\n\t\t\t\t\t\t\t\t\t<p>Our services<\/p>\t\t\t\t\t\t\t\t<\/div>\n\t\t\t\t<div class=\"elementor-element elementor-element-c4edfbd elementor-widget elementor-widget-heading\" data-id=\"c4edfbd\" data-element_type=\"widget\" data-widget_type=\"heading.default\">\n\t\t\t\t\t<h2 class=\"elementor-heading-title elementor-size-default\">Available technologies and solutions<\/h2>\t\t\t\t<\/div>\n\t\t<div class=\"elementor-element elementor-element-1d7b1b4 e-con-full e-flex e-con e-child\" data-id=\"1d7b1b4\" data-element_type=\"container\">\n\t\t\t\t<div class=\"elementor-element elementor-element-360ef1d elementor-widget__width-initial elementor-widget elementor-widget-image\" data-id=\"360ef1d\" data-element_type=\"widget\" data-widget_type=\"image.default\">\n\t\t\t\t\t\t\t\t\t\t\t\t\t\t\t<img decoding=\"async\" width=\"1024\" height=\"589\" src=\"https:\/\/x-core.fr\/wp-content\/uploads\/2026\/01\/ismail-enes-ayhan-lVZjvw-u9V8-unsplash-1024x589.jpg\" class=\"attachment-large size-large wp-image-405\" alt=\"X CORE Data center &amp; Infrastructure\" srcset=\"https:\/\/x-core.fr\/wp-content\/uploads\/2026\/01\/ismail-enes-ayhan-lVZjvw-u9V8-unsplash-1024x589.jpg 1024w, https:\/\/x-core.fr\/wp-content\/uploads\/2026\/01\/ismail-enes-ayhan-lVZjvw-u9V8-unsplash-300x173.jpg 300w, https:\/\/x-core.fr\/wp-content\/uploads\/2026\/01\/ismail-enes-ayhan-lVZjvw-u9V8-unsplash-768x442.jpg 768w, https:\/\/x-core.fr\/wp-content\/uploads\/2026\/01\/ismail-enes-ayhan-lVZjvw-u9V8-unsplash-1536x883.jpg 1536w, https:\/\/x-core.fr\/wp-content\/uploads\/2026\/01\/ismail-enes-ayhan-lVZjvw-u9V8-unsplash-2048x1178.jpg 2048w\" sizes=\"(max-width: 1024px) 100vw, 1024px\" title=\"Home\">\t\t\t\t\t\t\t\t\t\t\t\t\t\t\t<\/div>\n\t\t<div class=\"elementor-element elementor-element-b762d93 e-con-full e-flex e-con e-child\" data-id=\"b762d93\" data-element_type=\"container\">\n\t\t\t\t<div class=\"elementor-element elementor-element-6200262 elementor-widget elementor-widget-hfe-infocard\" data-id=\"6200262\" data-element_type=\"widget\" data-widget_type=\"hfe-infocard.default\">\n\t\t\t\t<div class=\"elementor-widget-container\">\n\t\t\t\t\t\n\t\t<div class=\"hfe-infocard\">\n\t\t\t\t\t\t\t\t\t<div class=\"hfe-infocard-title-wrap\">\n\t\t\t\t<h3 class=\"hfe-infocard-title elementor-inline-editing\" data-elementor-setting-key=\"infocard_title\" data-elementor-inline-editing-toolbar=\"basic\" >GPU Hardware - Cloud Computing - Liquid Cooling<\/h3>\t\t\t<\/div>\n\t\t\t\t\t\t<div class=\"hfe-infocard-text-wrap\">\n\t\t\t\t<div class=\"hfe-infocard-text elementor-inline-editing\" data-elementor-setting-key=\"infocard_description\" data-elementor-inline-editing-toolbar=\"advanced\">\n\t\t\t\t\t<p>Our tailor-made solutions guide you through an ever-changing world of technology, transforming today's innovations into concrete successes for your projects.<\/p>\t\t\t\t<\/div>\n\t\t\t\t\t\t\t<\/div>\n\t\t<\/div>\n\n\t\t\t\t\t\t<\/div>\n\t\t\t\t<\/div>\n\t\t\t\t<div class=\"elementor-element elementor-element-85d6fd5 elementor-widget elementor-widget-button\" data-id=\"85d6fd5\" data-element_type=\"widget\" data-widget_type=\"button.default\">\n\t\t\t\t\t\t\t\t\t\t<a class=\"elementor-button elementor-button-link elementor-size-sm\" href=\"\/en\/nos-services\/\">\n\t\t\t\t\t\t<span class=\"elementor-button-content-wrapper\">\n\t\t\t\t\t\t<span class=\"elementor-button-icon\">\n\t\t\t\t<svg aria-hidden=\"true\" class=\"e-font-icon-svg e-fas-arrow-right\" viewbox=\"0 0 448 512\" xmlns=\"http:\/\/www.w3.org\/2000\/svg\"><path d=\"M190.5 66.9l22.2-22.2c9.4-9.4 24.6-9.4 33.9 0L441 239c9.4 9.4 9.4 24.6 0 33.9L246.6 467.3c-9.4 9.4-24.6 9.4-33.9 0l-22.2-22.2c-9.5-9.5-9.3-25 .4-34.3L311.4 296H24c-13.3 0-24-10.7-24-24v-32c0-13.3 10.7-24 24-24h287.4L190.9 101.2c-9.8-9.3-10-24.8-.4-34.3z\"><\/path><\/svg>\t\t\t<\/span>\n\t\t\t\t\t\t\t\t\t<span class=\"elementor-button-text\">See our solutions<\/span>\n\t\t\t\t\t<\/span>\n\t\t\t\t\t<\/a>\n\t\t\t\t\t\t\t\t<\/div>\n\t\t\t\t<\/div>\n\t\t\t\t<\/div>\n\t\t\t\t\t<\/div>\n\t\t\t\t<\/div>\n\t\t<div class=\"elementor-element elementor-element-0f68fea e-flex e-con-boxed e-con e-parent\" data-id=\"0f68fea\" data-element_type=\"container\" data-settings=\"{&quot;background_background&quot;:&quot;classic&quot;}\">\n\t\t\t\t\t<div class=\"e-con-inner\">\n\t\t\t\t<div class=\"elementor-element elementor-element-f5fa316 elementor-widget elementor-widget-text-editor\" data-id=\"f5fa316\" data-element_type=\"widget\" data-widget_type=\"text-editor.default\">\n\t\t\t\t\t\t\t\t\t<p>The future with Xcore!<\/p>\t\t\t\t\t\t\t\t<\/div>\n\t\t\t\t<div class=\"elementor-element elementor-element-b513d44 elementor-widget elementor-widget-hfe-infocard\" data-id=\"b513d44\" data-element_type=\"widget\" data-widget_type=\"hfe-infocard.default\">\n\t\t\t\t<div class=\"elementor-widget-container\">\n\t\t\t\t\t\n\t\t<div class=\"hfe-infocard\">\n\t\t\t\t\t\t\t\t\t<div class=\"hfe-infocard-title-wrap\">\n\t\t\t\t<h3 class=\"hfe-infocard-title elementor-inline-editing\" data-elementor-setting-key=\"infocard_title\" data-elementor-inline-editing-toolbar=\"basic\" >Ready to work with us?<\/h3>\t\t\t<\/div>\n\t\t\t\t\t\t<div class=\"hfe-infocard-text-wrap\">\n\t\t\t\t<div class=\"hfe-infocard-text elementor-inline-editing\" data-elementor-setting-key=\"infocard_description\" data-elementor-inline-editing-toolbar=\"advanced\">\n\t\t\t\t\tContact us today to find out how X CORE technology solutions can contribute to your company's success.\t\t\t\t<\/div>\n\t\t\t\t\t\t\t<div class=\"hfe-button-wrapper elementor-widget-button\">\n\t\t\t\t<a href=\"\/en\/contact\/\" class=\"elementor-button-link elementor-button elementor-size-sm\">\n\t\t\t\t\t<span class=\"elementor-button-text elementor-inline-editing\"  data-elementor-setting-key=\"infocard_button_text\" data-elementor-inline-editing-toolbar=\"none\">Contact us<\/span>\n\t\t\t\t<\/a>\n\t\t\t<\/div>\n\t\t\t\t\t\t<\/div>\n\t\t<\/div>\n\n\t\t\t\t\t\t<\/div>\n\t\t\t\t<\/div>\n\t\t\t\t\t<\/div>\n\t\t\t\t<\/div>\n\t\t\t\t<\/div>","protected":false},"excerpt":{"rendered":"<p>Performance Maximale Votre partenaire pour acc\u00e9l\u00e9rer vos projets X CORE fournit des infrastructures serveurs de pointe et des solutions de [&hellip;]<\/p>","protected":false},"author":1,"featured_media":0,"parent":0,"menu_order":0,"comment_status":"closed","ping_status":"closed","template":"","meta":{"_uag_custom_page_level_css":"","site-sidebar-layout":"no-sidebar","site-content-layout":"","ast-site-content-layout":"full-width-container","site-content-style":"default","site-sidebar-style":"default","ast-global-header-display":"","ast-banner-title-visibility":"","ast-main-header-display":"","ast-hfb-above-header-display":"","ast-hfb-below-header-display":"","ast-hfb-mobile-header-display":"","site-post-title":"disabled","ast-breadcrumbs-content":"","ast-featured-img":"disabled","footer-sml-layout":"","ast-disable-related-posts":"","theme-transparent-header-meta":"enabled","adv-header-id-meta":"","stick-header-meta":"","header-above-stick-meta":"","header-main-stick-meta":"","header-below-stick-meta":"","astra-migrate-meta-layouts":"default","ast-page-background-enabled":"default","ast-page-background-meta":{"desktop":{"background-color":"var(--ast-global-color-5)","background-image":"","background-repeat":"repeat","background-position":"center center","background-size":"auto","background-attachment":"scroll","background-type":"","background-media":"","overlay-type":"","overlay-color":"","overlay-opacity":"","overlay-gradient":""},"tablet":{"background-color":"","background-image":"","background-repeat":"repeat","background-position":"center center","background-size":"auto","background-attachment":"scroll","background-type":"","background-media":"","overlay-type":"","overlay-color":"","overlay-opacity":"","overlay-gradient":""},"mobile":{"background-color":"","background-image":"","background-repeat":"repeat","background-position":"center center","background-size":"auto","background-attachment":"scroll","background-type":"","background-media":"","overlay-type":"","overlay-color":"","overlay-opacity":"","overlay-gradient":""}},"ast-content-background-meta":{"desktop":{"background-color":"var(--ast-global-color-4)","background-image":"","background-repeat":"repeat","background-position":"center center","background-size":"auto","background-attachment":"scroll","background-type":"","background-media":"","overlay-type":"","overlay-color":"","overlay-opacity":"","overlay-gradient":""},"tablet":{"background-color":"var(--ast-global-color-4)","background-image":"","background-repeat":"repeat","background-position":"center center","background-size":"auto","background-attachment":"scroll","background-type":"","background-media":"","overlay-type":"","overlay-color":"","overlay-opacity":"","overlay-gradient":""},"mobile":{"background-color":"var(--ast-global-color-4)","background-image":"","background-repeat":"repeat","background-position":"center center","background-size":"auto","background-attachment":"scroll","background-type":"","background-media":"","overlay-type":"","overlay-color":"","overlay-opacity":"","overlay-gradient":""}},"footnotes":""},"class_list":["post-26","page","type-page","status-publish","hentry"],"yoast_head":"<!-- This site is optimized with the Yoast SEO plugin v26.6 - https:\/\/yoast.com\/wordpress\/plugins\/seo\/ -->\n<title>X CORE - Solutions serveurs &amp; calcul haute performance<\/title>\n<meta name=\"description\" content=\"Entreprise tech fran\u00e7aise sp\u00e9cialis\u00e9e en serveurs, calcul haute performance et infrastructures IT pour PME, ETI et grands comptes.\" \/>\n<meta name=\"robots\" content=\"index, follow, max-snippet:-1, max-image-preview:large, max-video-preview:-1\" \/>\n<link rel=\"canonical\" href=\"https:\/\/x-core.fr\/en\/\" \/>\n<meta property=\"og:locale\" content=\"en_US\" \/>\n<meta property=\"og:type\" content=\"article\" \/>\n<meta property=\"og:title\" content=\"X CORE - Solutions serveurs &amp; calcul haute performance\" \/>\n<meta property=\"og:description\" content=\"Entreprise tech fran\u00e7aise sp\u00e9cialis\u00e9e en serveurs, calcul haute performance et infrastructures IT pour PME, ETI et grands comptes.\" \/>\n<meta property=\"og:url\" content=\"https:\/\/x-core.fr\/en\/\" \/>\n<meta property=\"og:site_name\" content=\"X CORE\" \/>\n<meta property=\"article:modified_time\" content=\"2026-01-22T10:56:52+00:00\" \/>\n<meta property=\"og:image\" content=\"http:\/\/x-core.fr\/wp-content\/uploads\/2026\/01\/Serveur-rack-796x1024.png\" \/>\n<meta name=\"twitter:card\" content=\"summary_large_image\" \/>\n<meta name=\"twitter:label1\" content=\"Est. reading time\" \/>\n\t<meta name=\"twitter:data1\" content=\"1 minute\" \/>\n<script type=\"application\/ld+json\" class=\"yoast-schema-graph\">{\"@context\":\"https:\/\/schema.org\",\"@graph\":[{\"@type\":\"WebPage\",\"@id\":\"https:\/\/x-core.fr\/\",\"url\":\"https:\/\/x-core.fr\/\",\"name\":\"X CORE - Solutions serveurs & calcul haute performance\",\"isPartOf\":{\"@id\":\"https:\/\/x-core.fr\/#website\"},\"primaryImageOfPage\":{\"@id\":\"https:\/\/x-core.fr\/#primaryimage\"},\"image\":{\"@id\":\"https:\/\/x-core.fr\/#primaryimage\"},\"thumbnailUrl\":\"http:\/\/x-core.fr\/wp-content\/uploads\/2026\/01\/Serveur-rack-796x1024.png\",\"datePublished\":\"2026-01-02T22:54:06+00:00\",\"dateModified\":\"2026-01-22T10:56:52+00:00\",\"description\":\"Entreprise tech fran\u00e7aise sp\u00e9cialis\u00e9e en serveurs, calcul haute performance et infrastructures IT pour PME, ETI et grands comptes.\",\"breadcrumb\":{\"@id\":\"https:\/\/x-core.fr\/#breadcrumb\"},\"inLanguage\":\"en-US\",\"potentialAction\":[{\"@type\":\"ReadAction\",\"target\":[\"https:\/\/x-core.fr\/\"]}]},{\"@type\":\"ImageObject\",\"inLanguage\":\"en-US\",\"@id\":\"https:\/\/x-core.fr\/#primaryimage\",\"url\":\"http:\/\/x-core.fr\/wp-content\/uploads\/2026\/01\/Serveur-rack-796x1024.png\",\"contentUrl\":\"http:\/\/x-core.fr\/wp-content\/uploads\/2026\/01\/Serveur-rack-796x1024.png\"},{\"@type\":\"BreadcrumbList\",\"@id\":\"https:\/\/x-core.fr\/#breadcrumb\",\"itemListElement\":[{\"@type\":\"ListItem\",\"position\":1,\"name\":\"Home\",\"item\":\"https:\/\/x-core.fr\/\"},{\"@type\":\"ListItem\",\"position\":2,\"name\":\"Accueil\"}]},{\"@type\":\"WebSite\",\"@id\":\"https:\/\/x-core.fr\/#website\",\"url\":\"https:\/\/x-core.fr\/\",\"name\":\"X CORE\",\"description\":\"Powering Intelligent Infrastructure\",\"publisher\":{\"@id\":\"https:\/\/x-core.fr\/#organization\"},\"potentialAction\":[{\"@type\":\"SearchAction\",\"target\":{\"@type\":\"EntryPoint\",\"urlTemplate\":\"https:\/\/x-core.fr\/?s={search_term_string}\"},\"query-input\":{\"@type\":\"PropertyValueSpecification\",\"valueRequired\":true,\"valueName\":\"search_term_string\"}}],\"inLanguage\":\"en-US\"},{\"@type\":\"Organization\",\"@id\":\"https:\/\/x-core.fr\/#organization\",\"name\":\"X CORE\",\"url\":\"https:\/\/x-core.fr\/\",\"logo\":{\"@type\":\"ImageObject\",\"inLanguage\":\"en-US\",\"@id\":\"https:\/\/x-core.fr\/#\/schema\/logo\/image\/\",\"url\":\"https:\/\/x-core.fr\/wp-content\/uploads\/2026\/01\/XCORE.png\",\"contentUrl\":\"https:\/\/x-core.fr\/wp-content\/uploads\/2026\/01\/XCORE.png\",\"width\":756,\"height\":129,\"caption\":\"X CORE\"},\"image\":{\"@id\":\"https:\/\/x-core.fr\/#\/schema\/logo\/image\/\"}}]}<\/script>\n<!-- \/ Yoast SEO plugin. -->","yoast_head_json":{"title":"X CORE - Solutions serveurs & calcul haute performance","description":"Entreprise tech fran\u00e7aise sp\u00e9cialis\u00e9e en serveurs, calcul haute performance et infrastructures IT pour PME, ETI et grands comptes.","robots":{"index":"index","follow":"follow","max-snippet":"max-snippet:-1","max-image-preview":"max-image-preview:large","max-video-preview":"max-video-preview:-1"},"canonical":"https:\/\/x-core.fr\/en\/","og_locale":"en_US","og_type":"article","og_title":"X CORE - Solutions serveurs & calcul haute performance","og_description":"Entreprise tech fran\u00e7aise sp\u00e9cialis\u00e9e en serveurs, calcul haute performance et infrastructures IT pour PME, ETI et grands comptes.","og_url":"https:\/\/x-core.fr\/en\/","og_site_name":"X CORE","article_modified_time":"2026-01-22T10:56:52+00:00","og_image":[{"url":"http:\/\/x-core.fr\/wp-content\/uploads\/2026\/01\/Serveur-rack-796x1024.png","type":"","width":"","height":""}],"twitter_card":"summary_large_image","twitter_misc":{"Est. reading time":"1 minute"},"schema":{"@context":"https:\/\/schema.org","@graph":[{"@type":"WebPage","@id":"https:\/\/x-core.fr\/","url":"https:\/\/x-core.fr\/","name":"X CORE - Solutions serveurs & calcul haute performance","isPartOf":{"@id":"https:\/\/x-core.fr\/#website"},"primaryImageOfPage":{"@id":"https:\/\/x-core.fr\/#primaryimage"},"image":{"@id":"https:\/\/x-core.fr\/#primaryimage"},"thumbnailUrl":"http:\/\/x-core.fr\/wp-content\/uploads\/2026\/01\/Serveur-rack-796x1024.png","datePublished":"2026-01-02T22:54:06+00:00","dateModified":"2026-01-22T10:56:52+00:00","description":"Entreprise tech fran\u00e7aise sp\u00e9cialis\u00e9e en serveurs, calcul haute performance et infrastructures IT pour PME, ETI et grands comptes.","breadcrumb":{"@id":"https:\/\/x-core.fr\/#breadcrumb"},"inLanguage":"en-US","potentialAction":[{"@type":"ReadAction","target":["https:\/\/x-core.fr\/"]}]},{"@type":"ImageObject","inLanguage":"en-US","@id":"https:\/\/x-core.fr\/#primaryimage","url":"http:\/\/x-core.fr\/wp-content\/uploads\/2026\/01\/Serveur-rack-796x1024.png","contentUrl":"http:\/\/x-core.fr\/wp-content\/uploads\/2026\/01\/Serveur-rack-796x1024.png"},{"@type":"BreadcrumbList","@id":"https:\/\/x-core.fr\/#breadcrumb","itemListElement":[{"@type":"ListItem","position":1,"name":"Home","item":"https:\/\/x-core.fr\/"},{"@type":"ListItem","position":2,"name":"Accueil"}]},{"@type":"WebSite","@id":"https:\/\/x-core.fr\/#website","url":"https:\/\/x-core.fr\/","name":"X CORE","description":"Powering Intelligent Infrastructure","publisher":{"@id":"https:\/\/x-core.fr\/#organization"},"potentialAction":[{"@type":"SearchAction","target":{"@type":"EntryPoint","urlTemplate":"https:\/\/x-core.fr\/?s={search_term_string}"},"query-input":{"@type":"PropertyValueSpecification","valueRequired":true,"valueName":"search_term_string"}}],"inLanguage":"en-US"},{"@type":"Organization","@id":"https:\/\/x-core.fr\/#organization","name":"X CORE","url":"https:\/\/x-core.fr\/","logo":{"@type":"ImageObject","inLanguage":"en-US","@id":"https:\/\/x-core.fr\/#\/schema\/logo\/image\/","url":"https:\/\/x-core.fr\/wp-content\/uploads\/2026\/01\/XCORE.png","contentUrl":"https:\/\/x-core.fr\/wp-content\/uploads\/2026\/01\/XCORE.png","width":756,"height":129,"caption":"X CORE"},"image":{"@id":"https:\/\/x-core.fr\/#\/schema\/logo\/image\/"}}]}},"uagb_featured_image_src":{"full":false,"thumbnail":false,"medium":false,"medium_large":false,"large":false,"1536x1536":false,"2048x2048":false,"trp-custom-language-flag":false},"uagb_author_info":{"display_name":"admin5651","author_link":"https:\/\/x-core.fr\/en\/author\/admin5651\/"},"uagb_comment_info":0,"uagb_excerpt":"Performance Maximale Votre partenaire pour acc\u00e9l\u00e9rer vos projets X CORE fournit des infrastructures serveurs de pointe et des solutions de [&hellip;]","_links":{"self":[{"href":"https:\/\/x-core.fr\/en\/wp-json\/wp\/v2\/pages\/26","targetHints":{"allow":["GET"]}}],"collection":[{"href":"https:\/\/x-core.fr\/en\/wp-json\/wp\/v2\/pages"}],"about":[{"href":"https:\/\/x-core.fr\/en\/wp-json\/wp\/v2\/types\/page"}],"author":[{"embeddable":true,"href":"https:\/\/x-core.fr\/en\/wp-json\/wp\/v2\/users\/1"}],"replies":[{"embeddable":true,"href":"https:\/\/x-core.fr\/en\/wp-json\/wp\/v2\/comments?post=26"}],"version-history":[{"count":44,"href":"https:\/\/x-core.fr\/en\/wp-json\/wp\/v2\/pages\/26\/revisions"}],"predecessor-version":[{"id":557,"href":"https:\/\/x-core.fr\/en\/wp-json\/wp\/v2\/pages\/26\/revisions\/557"}],"wp:attachment":[{"href":"https:\/\/x-core.fr\/en\/wp-json\/wp\/v2\/media?parent=26"}],"curies":[{"name":"wp","href":"https:\/\/api.w.org\/{rel}","templated":true}]}}